{"id":70986,"date":"2025-08-08T08:26:31","date_gmt":"2025-08-08T06:26:31","guid":{"rendered":"https:\/\/solroof3.yoho.pl\/quality-and-ecology\/xtreme\/"},"modified":"2025-12-17T14:35:12","modified_gmt":"2025-12-17T13:35:12","slug":"xtreme-xt","status":"publish","type":"page","link":"https:\/\/solroof3.yoho.pl\/en\/discover-solroof\/quality-and-ecology\/xtreme-xt\/","title":{"rendered":"XTREME [XT]"},"content":{"rendered":"\n<div class=\"wp-block-group is-layout-constrained wp-block-group-is-layout-constrained\" style=\"margin-bottom:0px;padding-bottom:0px\">\n<div class=\"wp-block-columns is-layout-flex wp-container-core-columns-is-layout-9d6595d7 wp-block-columns-is-layout-flex\">\n<div class=\"wp-block-column is-layout-flow wp-block-column-is-layout-flow\" style=\"padding-bottom:0px\">\n<div class=\"wp-block-group is-nowrap is-layout-flex wp-container-core-group-is-layout-ad2f72ca wp-block-group-is-layout-flex\">\n<figure class=\"wp-block-image size-large is-resized is-style-default\" style=\"margin-top:var(--wp--preset--spacing--50)\"><img decoding=\"async\" src=\"https:\/\/solroof3.yoho.pl\/wp-content\/uploads\/2025\/08\/Zasob-208.svg\" alt=\"\" class=\"wp-image-61233\" style=\"width:60px\"\/><\/figure>\n\n\n\n<figure class=\"wp-block-image size-large is-resized is-style-default\" style=\"margin-top:var(--wp--preset--spacing--50);margin-left:var(--wp--preset--spacing--60)\"><img decoding=\"async\" src=\"https:\/\/solroof3.yoho.pl\/wp-content\/uploads\/2025\/08\/Zasob-142.svg\" alt=\"\" class=\"wp-image-61095\" style=\"width:150px\"\/><\/figure>\n<\/div>\n\n\n\n<h1 class=\"wp-block-heading is-style-h2\"><mark style=\"background-color:rgba(0, 0, 0, 0)\" class=\"has-inline-color has-yellow-color\">XTREME<\/mark> &#8211; EXTREME PROTECTION<\/h1>\n\n\n\n<p><strong>XTREME [XT]<\/strong> is the highest-class protective coating from <strong>ArcelorMittal<\/strong>, setting a new standard for durability and resistance of <strong>SOLROOF<\/strong> roofs. Thanks to its advanced multi-layer structure with a thickness of <strong>70 \u03bcm<\/strong>, it provides exceptional protection for roof panels against the most challenging weather conditions &#8211; from intense UV radiation to extreme corrosive environments (e.g., coastal areas with high salinity) <\/p>\n<\/div>\n\n\n\n<div class=\"wp-block-column is-layout-flow wp-block-column-is-layout-flow\">\n<figure class=\"wp-block-image size-full\"><img loading=\"lazy\" decoding=\"async\" width=\"1048\" height=\"653\" src=\"https:\/\/solroof3.yoho.pl\/wp-content\/uploads\/2025\/08\/Projekt-bez-nazwy-39-e1754652295865.png\" alt=\"\" class=\"wp-image-61428\" style=\"object-fit:cover\" srcset=\"https:\/\/solroof3.yoho.pl\/wp-content\/uploads\/2025\/08\/Projekt-bez-nazwy-39-e1754652295865.png 1048w, https:\/\/solroof3.yoho.pl\/wp-content\/uploads\/2025\/08\/Projekt-bez-nazwy-39-e1754652295865-768x479.png 768w\" sizes=\"auto, (max-width: 1048px) 100vw, 1048px\" \/><\/figure>\n<\/div>\n<\/div>\n<\/div>\n\n\n\n<p><\/p>\n\n\n\n<div class=\"wp-block-group is-layout-constrained wp-block-group-is-layout-constrained\">\n<div class=\"wp-block-cover\" style=\"padding-top:4rem;padding-bottom:4rem\"><img loading=\"lazy\" decoding=\"async\" width=\"2000\" height=\"2000\" class=\"wp-block-cover__image-background wp-image-61245 size-full\" alt=\"\" src=\"https:\/\/solroof3.yoho.pl\/wp-content\/uploads\/2025\/08\/PROBKA-XT.jpg\" style=\"object-position:50% 50%\" data-object-fit=\"cover\" data-object-position=\"50% 50%\" srcset=\"https:\/\/solroof3.yoho.pl\/wp-content\/uploads\/2025\/08\/PROBKA-XT.jpg 2000w, https:\/\/solroof3.yoho.pl\/wp-content\/uploads\/2025\/08\/PROBKA-XT-1500x1500.jpg 1500w, https:\/\/solroof3.yoho.pl\/wp-content\/uploads\/2025\/08\/PROBKA-XT-740x740.jpg 740w, https:\/\/solroof3.yoho.pl\/wp-content\/uploads\/2025\/08\/PROBKA-XT-768x768.jpg 768w, https:\/\/solroof3.yoho.pl\/wp-content\/uploads\/2025\/08\/PROBKA-XT-1536x1536.jpg 1536w\" sizes=\"auto, (max-width: 2000px) 100vw, 2000px\" \/><span aria-hidden=\"true\" class=\"wp-block-cover__background has-background-dim-40 has-background-dim\" style=\"background-color:#2e301b\"><\/span><div class=\"wp-block-cover__inner-container is-layout-constrained wp-block-cover-is-layout-constrained\">\n<div class=\"wp-block-columns is-layout-flex wp-container-core-columns-is-layout-9d6595d7 wp-block-columns-is-layout-flex\">\n<div class=\"wp-block-column is-vertically-aligned-center is-layout-flow wp-block-column-is-layout-flow\" style=\"padding-right:6rem;padding-left:6rem;flex-basis:100%\">\n<figure class=\"wp-block-image aligncenter size-large is-resized\" style=\"margin-top:var(--wp--preset--spacing--70);margin-bottom:var(--wp--preset--spacing--70)\"><img decoding=\"async\" src=\"https:\/\/solroof3.yoho.pl\/wp-content\/uploads\/2025\/08\/Zasob-210.svg\" alt=\"\" class=\"wp-image-61258\" style=\"width:90px\"\/><\/figure>\n\n\n\n<h2 class=\"wp-block-heading has-text-align-center is-style-h3 has-white-color has-text-color has-link-color wp-elements-eac0e7644d09bb6a828d8cab31f71fdb\" style=\"font-style:normal;font-weight:400\"><strong>Deep Black<\/strong><em> <\/em><strong>XT 33<\/strong><\/h2>\n\n\n\n<p class=\"has-text-align-center\"><em>We offer the <strong>XTREME [XT]<\/strong> coating in deep black XT 33, a shade that perfectly complements the aesthetics of modern construction and <strong>SOLROOF<\/strong> roofing. <\/em><br><em>Combined with low-emission <em><strong>XCarb<sup>\u00ae<\/sup> recycled and renewably produced<\/strong><\/em> steel, it guarantees durability with a reduced environmental impact. <\/em> <\/p>\n<\/div>\n<\/div>\n<\/div><\/div>\n<\/div>\n\n\n\n<div style=\"height:50px\" aria-hidden=\"true\" class=\"wp-block-spacer is-style-small-spacer\"><\/div>\n\n\n\n<div class=\"wp-block-group is-layout-constrained wp-block-group-is-layout-constrained\">\n<figure class=\"wp-block-image aligncenter size-full is-style-image_icon\"><img decoding=\"async\" src=\"https:\/\/solroof3.yoho.pl\/wp-content\/uploads\/2025\/07\/Zasob-216.svg\" alt=\"\" class=\"wp-image-28628\" style=\"object-fit:cover\"\/><\/figure>\n\n\n\n<h2 class=\"wp-block-heading has-text-align-center noMarginTop is-style-h3\">[XT] XTREME VS [UTK] ULTIMAT<\/h2>\n\n\n\n<figure class=\"wp-block-image size-full\"><img loading=\"lazy\" decoding=\"async\" width=\"1792\" height=\"812\" src=\"https:\/\/solroof3.yoho.pl\/wp-content\/uploads\/2025\/08\/Projekt-bez-nazwy-37-e1754647579613.png\" alt=\"\" class=\"wp-image-61391\" style=\"object-fit:cover\" srcset=\"https:\/\/solroof3.yoho.pl\/wp-content\/uploads\/2025\/08\/Projekt-bez-nazwy-37-e1754647579613.png 1792w, https:\/\/solroof3.yoho.pl\/wp-content\/uploads\/2025\/08\/Projekt-bez-nazwy-37-e1754647579613-1500x680.png 1500w, https:\/\/solroof3.yoho.pl\/wp-content\/uploads\/2025\/08\/Projekt-bez-nazwy-37-e1754647579613-768x348.png 768w, https:\/\/solroof3.yoho.pl\/wp-content\/uploads\/2025\/08\/Projekt-bez-nazwy-37-e1754647579613-1536x696.png 1536w\" sizes=\"auto, (max-width: 1792px) 100vw, 1792px\" \/><\/figure>\n\n\n\n<h3 class=\"wp-block-heading has-text-align-center noMarginTop is-style-h4\">COMPARISON OF COATING PROPERTIES<\/h3>\n\n\n\n<style>\n.wp-table-wrapper {\n  font-family: sans-serif;\n  margin-bottom: 1em;\n}\n\n.wp-table-custom {\n  width: 100%;\n  border-collapse: collapse;\n  text-align: center;\n}\n\n.wp-table-custom th,\n.wp-table-custom td {\n  border: 1px solid #ccc;\n  padding: 12px;\n}\n\n.wp-table-custom th {\n  background-color: #ffffff;\n  font-weight: bold;\n}\n\n.wp-table-custom tbody tr:nth-child(even) {\n  background-color: #ffffff;\n}\n\n\/* RESPONSYWNO\u015a\u0106 *\/\n@media screen and (max-width: 768px) {\n  .wp-table-custom,\n  .wp-table-custom thead,\n  .wp-table-custom tbody,\n  .wp-table-custom th,\n  .wp-table-custom td,\n  .wp-table-custom tr {\n    display: block;\n    width: 100%;\n  }\n\n  .wp-table-custom thead tr {\n    display: none;\n  }\n\n  .wp-table-custom tr {\n    margin-bottom: 1.5em;\n    border: 1px solid #ddd;\n    padding: 10px;\n    background: #fff;\n  }\n\n  .wp-table-custom td {\n    text-align: left;\n    padding: 10px;\n    position: relative;\n    border: none;\n    border-bottom: 1px solid #eee;\n  }\n\n  .wp-table-custom td::before {\n    content: attr(data-label);\n    font-weight: bold;\n    display: block;\n    margin-bottom: 5px;\n    color: #555;\n  }\n}\n\n.wp-table-note {\n  font-size: 0.95em;\n  font-style: italic;\n  text-align: left;\n  margin-top: 8px;\n}\n<\/style>\n\n<div class=\"wp-table-wrapper\">\n  <table class=\"wp-table-custom\">\n    <thead>\n      <tr>\n        <th>Code<\/th>\n        <th>Coating thickness<\/th>\n        <th>Corrosion resistance<\/th>\n        <th>UV resistance<\/th>\n        <th>Warranty period (years)<\/th>\n      <\/tr>\n    <\/thead>\n    <tbody>\n      <tr>\n        <td data-label=\"Kod\"><strong>ULTIMAT [UTK]<\/strong><\/td>\n        <td data-label=\"Grubo\u015b\u0107 pow\u0142oki\">35 \u03bcm<\/td>\n        <td data-label=\"Odporno\u015b\u0107 na korozj\u0119\">RC4<\/td>\n        <td data-label=\"Odporno\u015b\u0107 na promieniowanie UV\">RUV4<\/td>\n        <td data-label=\"Okres gwarancji (lata)\">30<\/td>\n      <\/tr>\n      <tr>\n        <td data-label=\"Kod\"><strong>XTREME [XT]<\/strong><\/td>\n        <td data-label=\"Grubo\u015b\u0107 pow\u0142oki\">70 \u03bcm<\/td>\n        <td data-label=\"Odporno\u015b\u0107 na korozj\u0119\">RC5+<\/td>\n        <td data-label=\"Odporno\u015b\u0107 na promieniowanie UV\">RUV5<\/td>\n        <td data-label=\"Okres gwarancji (lata)\">up to 60<\/td>\n      <\/tr>\n    <\/tbody>\n  <\/table>\n\n  <div class=\"wp-table-note\">\n    <br\/>The above comparison is for reference only.\n  <\/div>\n<\/div>\n<\/div>\n\n\n\n<div style=\"height:100px\" aria-hidden=\"true\" class=\"wp-block-spacer is-style-small-spacer\"><\/div>\n\n\n\n<div class=\"wp-block-group is-layout-constrained wp-block-group-is-layout-constrained\">\n<figure class=\"wp-block-image size-large is-style-image_icon aligncenter\"><img decoding=\"async\" src=\"https:\/\/solroof3.yoho.pl\/wp-content\/uploads\/2025\/07\/Zasob-151.svg\" alt=\"\" class=\"wp-image-28502\"\/><\/figure>\n\n\n\n<h2 class=\"wp-block-heading has-text-align-center is-style-h3 noMarginTop\">Key Features of the XTREME [XT] Coating<\/h2>\n\n\n\n<div class=\"advanced-slider__wrapper advanced-slider__wrapper--contentSlider  advanced-slider--overEdgeBothSidesMobile advanced-slider--overEdgeBothSidesTablet advanced-slider__wrapper--bottomNavigation advanced-slider__wrapper--solroofNavigation\">\n    <div\n        class=\"advanced-slider\"\n        data-advanced-slider\n        data-desktop-slides=\"4\"\n        data-tablet-slides=\"3\"\n        data-mobile-slides=\"2\"\n        data-loop=\"1\"\n        data-navigation=\"1\"\n        data-over-both-edges-mobile = 1        data-over-both-edges-tablet = 1    >\n\n        \n                            <div class=\"slide\">\n                    <div class=\"advanced-slider__contentSlideInner\">\n                        <figure><img decoding=\"async\" \n                            src=\"https:\/\/solroof3.yoho.pl\/wp-content\/uploads\/2025\/03\/komfort-uzytkowania.svg\" \n                            class=\"contentSlideInner__icon--normal\"\n                            alt=\"High aesthetics\">\n                        <\/figure>\n                        <strong>High aesthetics<\/strong>\n                        <p>A thick paint coating with a matte finish, Fine Wrinkle, with a gloss level of < 10 GU ensures an elegant appearance and high visual quality of the roof covering. It is also resistant to color and gloss degradation, even during long-term exposure to intense sunlight.<\/p>\n\n                                            <\/div>\n                <\/div>\n                    \n                            <div class=\"slide\">\n                    <div class=\"advanced-slider__contentSlideInner\">\n                        <figure><img decoding=\"async\" \n                            src=\"https:\/\/solroof3.yoho.pl\/wp-content\/uploads\/2025\/07\/Zasob-206.svg\" \n                            class=\"contentSlideInner__icon--normal\"\n                            alt=\"Extreme protection\">\n                        <\/figure>\n                        <strong>Extreme protection<\/strong>\n                        <p>An organic coating with a thickness of 70 \u03bcm applied to galvanized steel (zinc coating with a mass of 275 g\/m\u00b2) provides protection confirmed by RC5+ classification, as well as the highest UV resistance category &#8211; RUV5 &#8211; in accordance with the latest version of the EN 10169 standard for organically coated steel.<\/p>\n\n                                            <\/div>\n                <\/div>\n                    \n                            <div class=\"slide\">\n                    <div class=\"advanced-slider__contentSlideInner\">\n                        <figure><img decoding=\"async\" \n                            src=\"https:\/\/solroof3.yoho.pl\/wp-content\/uploads\/2025\/07\/Zasob-210.svg\" \n                            class=\"contentSlideInner__icon--normal\"\n                            alt=\"Long service life and recyclability\">\n                        <\/figure>\n                        <strong>Long service life and recyclability<\/strong>\n                        <p>The long service life of steel sheets coated with XTREME [XT] ensures full functionality and aesthetics of the roof covering for many years of use. Once the steel reaches the end of its service life, it is 100% recyclable.<\/p>\n\n                                            <\/div>\n                <\/div>\n                    \n                            <div class=\"slide\">\n                    <div class=\"advanced-slider__contentSlideInner\">\n                        <figure><img decoding=\"async\" \n                            src=\"https:\/\/solroof3.yoho.pl\/wp-content\/uploads\/2025\/07\/Zasob-216.svg\" \n                            class=\"contentSlideInner__icon--normal\"\n                            alt=\"Long-term warranty protection\">\n                        <\/figure>\n                        <strong>Long-term warranty protection<\/strong>\n                        <p>The durability of XTREME [XT] steel sheets is confirmed by long-term warranties: up to 60 years under standard conditions (more than 3 km from the coastline), and 40 years under demanding coastal conditions (less than 3 km from the coastline).<\/p>\n\n                                            <\/div>\n                <\/div>\n                    \n\n    <\/div>\n<\/div>\n\n\n<\/div>\n\n\n\n<div class=\"wp-block-group is-layout-constrained wp-block-group-is-layout-constrained\">\n<div class=\"wp-block-cover\" style=\"margin-top:6rem;margin-bottom:6rem;padding-top:4rem;padding-right:1rem;padding-bottom:4rem;padding-left:1rem\"><span aria-hidden=\"true\" class=\"wp-block-cover__background has-yellow-background-color has-background-dim-100 has-background-dim\"><\/span><div class=\"wp-block-cover__inner-container is-layout-flow wp-block-cover-is-layout-flow\">\n<figure class=\"wp-block-image size-large is-style-image_icon aligncenter\"><img loading=\"lazy\" decoding=\"async\" width=\"97\" height=\"92\" src=\"https:\/\/solroof3.yoho.pl\/wp-content\/uploads\/2024\/10\/lets-work-together.svg\" alt=\"\" class=\"wp-image-908\"\/><\/figure>\n\n\n\n<h2 class=\"wp-block-heading has-text-align-center has-black-color has-text-color has-link-color wp-elements-34d1d192701cae9a6eb32009c34ccaf6\">DO YOU HAVE ADDITIONAL QUESTIONS <br>ABOUT THE SOLROOF SYSTEM?<br><\/h2>\n\n\n\n<p class=\"has-text-align-center has-black-color has-text-color has-link-color wp-elements-b04bc4a4e63809216351d4ef2100f927\" style=\"padding-right:0rem;padding-left:0rem\">Our hotline is available from 8:00 AM to 4:00 PM Monday to Friday. <br>We encourage you to fill out our contact form.<\/p>\n\n\n\n<div class=\"wp-block-group is-content-justification-center is-nowrap is-layout-flex wp-container-core-group-is-layout-94bc23d7 wp-block-group-is-layout-flex\">\n<a href=\"https:\/\/solroof.eu\/en\/contact\/\"  class=\"button button--black aligncenter\">CONTACT US<\/a>\n\n\n<a href=\"https:\/\/solroof.eu\/en\/ask-for-offer\/\"  class=\"button button--black aligncenter\">ASK FOR OFFER<\/a><\/div>\n<\/div><\/div>\n<\/div>\n","protected":false},"excerpt":{"rendered":"<p>XTREME &#8211; EXTREME PROTECTION XTREME [XT] is the highest-class protective coating from ArcelorMittal, setting a new standard for durability and resistance of SOLROOF roofs. Thanks to its advanced multi-layer structure with a thickness of 70 \u03bcm, it provides exceptional protection for roof panels against the most challenging weather conditions &#8211; from intense UV radiation to [&hellip;]<\/p>\n","protected":false},"author":8,"featured_media":0,"parent":70805,"menu_order":51,"comment_status":"closed","ping_status":"closed","template":"","meta":{"_acf_changed":false,"inline_featured_image":false,"footnotes":""},"class_list":["post-70986","page","type-page","status-publish","hentry"],"acf":[],"_links":{"self":[{"href":"https:\/\/solroof3.yoho.pl\/en\/wp-json\/wp\/v2\/pages\/70986","targetHints":{"allow":["GET"]}}],"collection":[{"href":"https:\/\/solroof3.yoho.pl\/en\/wp-json\/wp\/v2\/pages"}],"about":[{"href":"https:\/\/solroof3.yoho.pl\/en\/wp-json\/wp\/v2\/types\/page"}],"author":[{"embeddable":true,"href":"https:\/\/solroof3.yoho.pl\/en\/wp-json\/wp\/v2\/users\/8"}],"replies":[{"embeddable":true,"href":"https:\/\/solroof3.yoho.pl\/en\/wp-json\/wp\/v2\/comments?post=70986"}],"version-history":[{"count":2,"href":"https:\/\/solroof3.yoho.pl\/en\/wp-json\/wp\/v2\/pages\/70986\/revisions"}],"predecessor-version":[{"id":71561,"href":"https:\/\/solroof3.yoho.pl\/en\/wp-json\/wp\/v2\/pages\/70986\/revisions\/71561"}],"up":[{"embeddable":true,"href":"https:\/\/solroof3.yoho.pl\/en\/wp-json\/wp\/v2\/pages\/70805"}],"wp:attachment":[{"href":"https:\/\/solroof3.yoho.pl\/en\/wp-json\/wp\/v2\/media?parent=70986"}],"curies":[{"name":"wp","href":"https:\/\/api.w.org\/{rel}","templated":true}]}}